{"id":604,"date":"2022-05-13T14:58:05","date_gmt":"2022-05-13T14:58:05","guid":{"rendered":"https:\/\/docs.yithemes.com\/yith-woocommerce-pre-order\/?page_id=604"},"modified":"2022-05-13T14:58:05","modified_gmt":"2022-05-13T14:58:05","slug":"video-tutorials","status":"publish","type":"page","link":"https:\/\/docs.yithemes.com\/yith-woocommerce-pre-order\/video-tutorials\/","title":{"rendered":"Video tutorials"},"content":{"rendered":"\t<div id=\"yith-videos\">\n\t\t<div class=\"incipit\">\n\t\t\t<p>\n\t\t\t\tIn this section, you can find some video tutorials that will help you with the plugin configuration.<br>\n\t\t\t\tWe have created the most common scenarios to easily understand how to configure the settings and get the expected results. Enjoy!\n\t\t\t<\/p>\n\t\t\t<p class=\"bolder\">\n\t\t\t\tStay updated: we are working very hard to publish new videos each week!\n\t\t\t<\/p>\n\t\t<\/div>\n\t\t\n\t\t<ul class=\"container-languages\">\n\t\t\t\t\t\t\t\t\t\t<li data-language-id=\"10\" class=\"active\">\n\t\t\t\t\tEnglish\t\t\t\t<\/li>\n\t\t\t\t\t\t\t\t\t\t\t<li data-language-id=\"11\" class=\"\">\n\t\t\t\t\tItalian\t\t\t\t<\/li>\n\t\t\t\t\t\t\t\t\t\t\t<li data-language-id=\"14\" class=\"\">\n\t\t\t\t\tSpanish\t\t\t\t<\/li>\n\t\t\t\t\t\t\t\t\t<\/ul>\n\t\t<ul class=\"container-all-videos\">\n\t\t\t\t\t\t\t\t\t\t<li data-language-id=\"10\" class=\"container-videos-for-language active\">\n\t\t\t\t\t\t\t\t\t\t<ul>\n\t\t\t\t\t\t\t\t\t\t\t\t\t\t\t\t\t\t\t\t<li>\n\t\t\t\t\t\t\t\t<a class=\"open-video swipebox-video\" data-rel='lightbox-gallery-n1997790527' href=\"https:\/\/www.youtube.com\/watch?v=3nfA_mUhQQs\">\n                                    <img decoding=\"async\" src=\"https:\/\/img.youtube.com\/vi\/3nfA_mUhQQs\/maxresdefault.jpg\" \/>\n\t\t\t\t\t\t\t\t<\/a> \n\n\t\t\t\t\t\t\t\t<p class=\"video-title\">\n\t\t\t\t\t\t\t\t\tHow to charge pre-order price upfront\t\t\t\t\t\t\t\t<\/p>\n\t\t\t\t\t\t\t<\/li>\n\t\t\t\t\t\t\t\t\t\t\t\t\t\t\t\t\t\t\t\t<li>\n\t\t\t\t\t\t\t\t<a class=\"open-video swipebox-video\" data-rel='lightbox-gallery-n1036998097' href=\"https:\/\/www.youtube.com\/watch?v=19ljx1SI1G8\">\n                                    <img decoding=\"async\" src=\"https:\/\/img.youtube.com\/vi\/19ljx1SI1G8\/maxresdefault.jpg\" \/>\n\t\t\t\t\t\t\t\t<\/a> \n\n\t\t\t\t\t\t\t\t<p class=\"video-title\">\n\t\t\t\t\t\t\t\t\tHow to automatically charge pre-orders when products are available\t\t\t\t\t\t\t\t<\/p>\n\t\t\t\t\t\t\t<\/li>\n\t\t\t\t\t\t\t\t\t\t\t\t\t\t\t\t\t\t\t\t<li>\n\t\t\t\t\t\t\t\t<a class=\"open-video swipebox-video\" data-rel='lightbox-gallery-n1093574204' href=\"https:\/\/www.youtube.com\/watch?v=yF_MIWfgCzo\">\n                                    <img decoding=\"async\" src=\"https:\/\/img.youtube.com\/vi\/yF_MIWfgCzo\/maxresdefault.jpg\" \/>\n\t\t\t\t\t\t\t\t<\/a> \n\n\t\t\t\t\t\t\t\t<p class=\"video-title\">\n\t\t\t\t\t\t\t\t\tHow to customize the 'pre-order' button\t\t\t\t\t\t\t\t<\/p>\n\t\t\t\t\t\t\t<\/li>\n\t\t\t\t\t\t\t\t\t\t\t\t\t\t\t\t\t\t\t\t<li>\n\t\t\t\t\t\t\t\t<a class=\"open-video swipebox-video\" data-rel='lightbox-gallery-n1502962615' href=\"https:\/\/www.youtube.com\/watch?v=LhLO3L2mfN4\">\n                                    <img decoding=\"async\" src=\"https:\/\/img.youtube.com\/vi\/LhLO3L2mfN4\/maxresdefault.jpg\" \/>\n\t\t\t\t\t\t\t\t<\/a> \n\n\t\t\t\t\t\t\t\t<p class=\"video-title\">\n\t\t\t\t\t\t\t\t\tHow the Pay Later option works\t\t\t\t\t\t\t\t<\/p>\n\t\t\t\t\t\t\t<\/li>\n\t\t\t\t\t\t\t\t\t\t\t\t\t\t\t\t\t\t\t\t<li>\n\t\t\t\t\t\t\t\t<a class=\"open-video swipebox-video\" data-rel='lightbox-gallery-n798886177' href=\"https:\/\/www.youtube.com\/watch?v=ebB6FOlvWm8\">\n                                    <img decoding=\"async\" src=\"https:\/\/img.youtube.com\/vi\/ebB6FOlvWm8\/maxresdefault.jpg\" \/>\n\t\t\t\t\t\t\t\t<\/a> \n\n\t\t\t\t\t\t\t\t<p class=\"video-title\">\n\t\t\t\t\t\t\t\t\tHow to charge an additional fee on pre-order products\t\t\t\t\t\t\t\t<\/p>\n\t\t\t\t\t\t\t<\/li>\n\t\t\t\t\t\t\t\t\t\t\t\t\t\t\t\t\t\t\t\t<li>\n\t\t\t\t\t\t\t\t<a class=\"open-video swipebox-video\" data-rel='lightbox-gallery-n66163660' href=\"https:\/\/www.youtube.com\/watch?v=txunD6SbsTc\">\n                                    <img decoding=\"async\" src=\"https:\/\/img.youtube.com\/vi\/txunD6SbsTc\/maxresdefault.jpg\" \/>\n\t\t\t\t\t\t\t\t<\/a> \n\n\t\t\t\t\t\t\t\t<p class=\"video-title\">\n\t\t\t\t\t\t\t\t\tHow to customize the product page with custom notices\t\t\t\t\t\t\t\t<\/p>\n\t\t\t\t\t\t\t<\/li>\n\t\t\t\t\t\t\t\t\t\t\t\t\t\t\t\t\t\t\t\t<li>\n\t\t\t\t\t\t\t\t<a class=\"open-video swipebox-video\" data-rel='lightbox-gallery-n389579290' href=\"https:\/\/www.youtube.com\/watch?v=oUBtxt1_kro\">\n                                    <img decoding=\"async\" src=\"https:\/\/img.youtube.com\/vi\/oUBtxt1_kro\/maxresdefault.jpg\" \/>\n\t\t\t\t\t\t\t\t<\/a> \n\n\t\t\t\t\t\t\t\t<p class=\"video-title\">\n\t\t\t\t\t\t\t\t\tHow to apply a discount on products in pre-order mode\t\t\t\t\t\t\t\t<\/p>\n\t\t\t\t\t\t\t<\/li>\n\t\t\t\t\t\t\t\t\t\t\t\t\t\t\t\t\t\t\t\t<li>\n\t\t\t\t\t\t\t\t<a class=\"open-video swipebox-video\" data-rel='lightbox-gallery-n1984517445' href=\"https:\/\/www.youtube.com\/watch?v=obopL6waWaQ\">\n                                    <img decoding=\"async\" src=\"https:\/\/img.youtube.com\/vi\/obopL6waWaQ\/maxresdefault.jpg\" \/>\n\t\t\t\t\t\t\t\t<\/a> \n\n\t\t\t\t\t\t\t\t<p class=\"video-title\">\n\t\t\t\t\t\t\t\t\tHow to enable the pre-order mode only in a specific product\t\t\t\t\t\t\t\t<\/p>\n\t\t\t\t\t\t\t<\/li>\n\t\t\t\t\t\t\t\t\t\t\t\t\t\t\t\t\t\t\t\t<li>\n\t\t\t\t\t\t\t\t<a class=\"open-video swipebox-video\" data-rel='lightbox-gallery-n1721098200' href=\"https:\/\/www.youtube.com\/watch?v=P7chjN8VDJA\">\n                                    <img decoding=\"async\" src=\"https:\/\/img.youtube.com\/vi\/P7chjN8VDJA\/maxresdefault.jpg\" \/>\n\t\t\t\t\t\t\t\t<\/a> \n\n\t\t\t\t\t\t\t\t<p class=\"video-title\">\n\t\t\t\t\t\t\t\t\tHow to schedule the pre-order mode\t\t\t\t\t\t\t\t<\/p>\n\t\t\t\t\t\t\t<\/li>\n\t\t\t\t\t\t\t\t\t\t\t\t\t\t\t\t\t\t\t\t<li>\n\t\t\t\t\t\t\t\t<a class=\"open-video swipebox-video\" data-rel='lightbox-gallery-n864987170' href=\"https:\/\/www.youtube.com\/watch?v=Kt-Vwk7-fVg\">\n                                    <img decoding=\"async\" src=\"https:\/\/img.youtube.com\/vi\/Kt-Vwk7-fVg\/maxresdefault.jpg\" \/>\n\t\t\t\t\t\t\t\t<\/a> \n\n\t\t\t\t\t\t\t\t<p class=\"video-title\">\n\t\t\t\t\t\t\t\t\tHow to automatically enable pre-order mode in out-of-stock products\t\t\t\t\t\t\t\t<\/p>\n\t\t\t\t\t\t\t<\/li>\n\t\t\t\t\t\t\t\t\t\t\t\t\t\t\t\t\t\t\t\t<li>\n\t\t\t\t\t\t\t\t<a class=\"open-video swipebox-video\" data-rel='lightbox-gallery-n1855698217' href=\"https:\/\/www.youtube.com\/watch?v=5DbnYEHsc_0\">\n                                    <img decoding=\"async\" src=\"https:\/\/img.youtube.com\/vi\/5DbnYEHsc_0\/maxresdefault.jpg\" \/>\n\t\t\t\t\t\t\t\t<\/a> \n\n\t\t\t\t\t\t\t\t<p class=\"video-title\">\n\t\t\t\t\t\t\t\t\tHow to enable pre-orders on your online shop\t\t\t\t\t\t\t\t<\/p>\n\t\t\t\t\t\t\t<\/li>\n\t\t\t\t\t\t\t\t\t\t\t<\/ul>\n\t\t\t\t<\/li>\n\t\t\t\t\t\t\t\t\t\t\t<li data-language-id=\"11\" class=\"container-videos-for-language \">\n\t\t\t\t\t\t\t\t\t\t<ul>\n\t\t\t\t\t\t\t\t\t\t\t\t\t\t\t\t\t\t\t\t<li>\n\t\t\t\t\t\t\t\t<a class=\"open-video swipebox-video\" data-rel='lightbox-gallery-n2142312871' href=\"https:\/\/www.youtube.com\/watch?v=KPKYmyh7Xg8\">\n                                    <img decoding=\"async\" src=\"https:\/\/img.youtube.com\/vi\/KPKYmyh7Xg8\/maxresdefault.jpg\" \/>\n\t\t\t\t\t\t\t\t<\/a> \n\n\t\t\t\t\t\t\t\t<p class=\"video-title\">\n\t\t\t\t\t\t\t\t\tCome abilitare la modalit\u00e0 di pre-ordine in un prodotto specifico\t\t\t\t\t\t\t\t<\/p>\n\t\t\t\t\t\t\t<\/li>\n\t\t\t\t\t\t\t\t\t\t\t\t\t\t\t\t\t\t\t\t<li>\n\t\t\t\t\t\t\t\t<a class=\"open-video swipebox-video\" data-rel='lightbox-gallery-n980789149' href=\"https:\/\/www.youtube.com\/watch?v=LJAmLR3tUpM\">\n                                    <img decoding=\"async\" src=\"https:\/\/img.youtube.com\/vi\/LJAmLR3tUpM\/maxresdefault.jpg\" \/>\n\t\t\t\t\t\t\t\t<\/a> \n\n\t\t\t\t\t\t\t\t<p class=\"video-title\">\n\t\t\t\t\t\t\t\t\tModificare la pagina prodotto con avvisi personalizzati\t\t\t\t\t\t\t\t<\/p>\n\t\t\t\t\t\t\t<\/li>\n\t\t\t\t\t\t\t\t\t\t\t\t\t\t\t\t\t\t\t\t<li>\n\t\t\t\t\t\t\t\t<a class=\"open-video swipebox-video\" data-rel='lightbox-gallery-n751411975' href=\"https:\/\/www.youtube.com\/watch?v=oebVvU4YORU\">\n                                    <img decoding=\"async\" src=\"https:\/\/img.youtube.com\/vi\/oebVvU4YORU\/maxresdefault.jpg\" \/>\n\t\t\t\t\t\t\t\t<\/a> \n\n\t\t\t\t\t\t\t\t<p class=\"video-title\">\n\t\t\t\t\t\t\t\t\tCome addebitare una commissione su ogni pre ordine\t\t\t\t\t\t\t\t<\/p>\n\t\t\t\t\t\t\t<\/li>\n\t\t\t\t\t\t\t\t\t\t\t\t\t\t\t\t\t\t\t\t<li>\n\t\t\t\t\t\t\t\t<a class=\"open-video swipebox-video\" data-rel='lightbox-gallery-n1481702842' href=\"https:\/\/www.youtube.com\/watch?v=LJAmLR3tUpM\">\n                                    <img decoding=\"async\" src=\"https:\/\/img.youtube.com\/vi\/LJAmLR3tUpM\/maxresdefault.jpg\" \/>\n\t\t\t\t\t\t\t\t<\/a> \n\n\t\t\t\t\t\t\t\t<p class=\"video-title\">\n\t\t\t\t\t\t\t\t\tModificare la pagina prodotto con avvisi personalizzati\t\t\t\t\t\t\t\t<\/p>\n\t\t\t\t\t\t\t<\/li>\n\t\t\t\t\t\t\t\t\t\t\t\t\t\t\t\t\t\t\t\t<li>\n\t\t\t\t\t\t\t\t<a class=\"open-video swipebox-video\" data-rel='lightbox-gallery-n142298190' href=\"https:\/\/www.youtube.com\/watch?v=jQMKMz5CmB4\">\n                                    <img decoding=\"async\" src=\"https:\/\/img.youtube.com\/vi\/jQMKMz5CmB4\/maxresdefault.jpg\" \/>\n\t\t\t\t\t\t\t\t<\/a> \n\n\t\t\t\t\t\t\t\t<p class=\"video-title\">\n\t\t\t\t\t\t\t\t\tCome sostituire l'etichetta al pulsante aggiungi al carrello\t\t\t\t\t\t\t\t<\/p>\n\t\t\t\t\t\t\t<\/li>\n\t\t\t\t\t\t\t\t\t\t\t\t\t\t\t\t\t\t\t\t<li>\n\t\t\t\t\t\t\t\t<a class=\"open-video swipebox-video\" data-rel='lightbox-gallery-n392776220' href=\"https:\/\/www.youtube.com\/watch?v=CXDPsHc9kCk\">\n                                    <img decoding=\"async\" src=\"https:\/\/img.youtube.com\/vi\/CXDPsHc9kCk\/maxresdefault.jpg\" \/>\n\t\t\t\t\t\t\t\t<\/a> \n\n\t\t\t\t\t\t\t\t<p class=\"video-title\">\n\t\t\t\t\t\t\t\t\tCome impostare la disponibilita\u0300 del prodotto\t\t\t\t\t\t\t\t<\/p>\n\t\t\t\t\t\t\t<\/li>\n\t\t\t\t\t\t\t\t\t\t\t\t\t\t\t\t\t\t\t\t<li>\n\t\t\t\t\t\t\t\t<a class=\"open-video swipebox-video\" data-rel='lightbox-gallery-n1738116936' href=\"https:\/\/www.youtube.com\/watch?v=kGYzAkeQbGI\">\n                                    <img decoding=\"async\" src=\"https:\/\/img.youtube.com\/vi\/kGYzAkeQbGI\/maxresdefault.jpg\" \/>\n\t\t\t\t\t\t\t\t<\/a> \n\n\t\t\t\t\t\t\t\t<p class=\"video-title\">\n\t\t\t\t\t\t\t\t\tCome funziona l'opzione Pay Later\t\t\t\t\t\t\t\t<\/p>\n\t\t\t\t\t\t\t<\/li>\n\t\t\t\t\t\t\t\t\t\t\t\t\t\t\t\t\t\t\t\t<li>\n\t\t\t\t\t\t\t\t<a class=\"open-video swipebox-video\" data-rel='lightbox-gallery-n1588225356' href=\"https:\/\/www.youtube.com\/watch?v=nVL6HGzqyDc\">\n                                    <img decoding=\"async\" src=\"https:\/\/img.youtube.com\/vi\/nVL6HGzqyDc\/maxresdefault.jpg\" \/>\n\t\t\t\t\t\t\t\t<\/a> \n\n\t\t\t\t\t\t\t\t<p class=\"video-title\">\n\t\t\t\t\t\t\t\t\tCome schedulare la modalita\u0300 di pre-ordine\t\t\t\t\t\t\t\t<\/p>\n\t\t\t\t\t\t\t<\/li>\n\t\t\t\t\t\t\t\t\t\t\t\t\t\t\t\t\t\t\t\t<li>\n\t\t\t\t\t\t\t\t<a class=\"open-video swipebox-video\" data-rel='lightbox-gallery-n1893921578' href=\"https:\/\/www.youtube.com\/watch?v=KRrEoKqHuuU\">\n                                    <img decoding=\"async\" src=\"https:\/\/img.youtube.com\/vi\/KRrEoKqHuuU\/maxresdefault.jpg\" \/>\n\t\t\t\t\t\t\t\t<\/a> \n\n\t\t\t\t\t\t\t\t<p class=\"video-title\">\n\t\t\t\t\t\t\t\t\tAbilitare automaticamente il pre-ordine nei prodotti esauriti\t\t\t\t\t\t\t\t<\/p>\n\t\t\t\t\t\t\t<\/li>\n\t\t\t\t\t\t\t\t\t\t\t\t\t\t\t\t\t\t\t\t<li>\n\t\t\t\t\t\t\t\t<a class=\"open-video swipebox-video\" data-rel='lightbox-gallery-n530336428' href=\"https:\/\/www.youtube.com\/watch?v=Bh66HraRB_Y\">\n                                    <img decoding=\"async\" src=\"https:\/\/img.youtube.com\/vi\/Bh66HraRB_Y\/maxresdefault.jpg\" \/>\n\t\t\t\t\t\t\t\t<\/a> \n\n\t\t\t\t\t\t\t\t<p class=\"video-title\">\n\t\t\t\t\t\t\t\t\tCome applicare uno sconto sui prodotti in modalita\u0300 pre-ordine\t\t\t\t\t\t\t\t<\/p>\n\t\t\t\t\t\t\t<\/li>\n\t\t\t\t\t\t\t\t\t\t\t\t\t\t\t\t\t\t\t\t<li>\n\t\t\t\t\t\t\t\t<a class=\"open-video swipebox-video\" data-rel='lightbox-gallery-n1472738445' href=\"https:\/\/www.youtube.com\/watch?v=jzRqSxsxmGU\">\n                                    <img decoding=\"async\" src=\"https:\/\/img.youtube.com\/vi\/jzRqSxsxmGU\/maxresdefault.jpg\" \/>\n\t\t\t\t\t\t\t\t<\/a> \n\n\t\t\t\t\t\t\t\t<p class=\"video-title\">\n\t\t\t\t\t\t\t\t\tCome addebitare automaticamente il pre-ordine al suo rilascio\t\t\t\t\t\t\t\t<\/p>\n\t\t\t\t\t\t\t<\/li>\n\t\t\t\t\t\t\t\t\t\t\t\t\t\t\t\t\t\t\t\t<li>\n\t\t\t\t\t\t\t\t<a class=\"open-video swipebox-video\" data-rel='lightbox-gallery-n1900364088' href=\"https:\/\/www.youtube.com\/watch?v=iZ0CaavsjSo\">\n                                    <img decoding=\"async\" src=\"https:\/\/img.youtube.com\/vi\/iZ0CaavsjSo\/maxresdefault.jpg\" \/>\n\t\t\t\t\t\t\t\t<\/a> \n\n\t\t\t\t\t\t\t\t<p class=\"video-title\">\n\t\t\t\t\t\t\t\t\tCome abilitare il pre-ordine nel tuo shop online\t\t\t\t\t\t\t\t<\/p>\n\t\t\t\t\t\t\t<\/li>\n\t\t\t\t\t\t\t\t\t\t\t<\/ul>\n\t\t\t\t<\/li>\n\t\t\t\t\t\t\t\t\t\t\t<li data-language-id=\"14\" class=\"container-videos-for-language \">\n\t\t\t\t\t\t\t\t\t\t<ul>\n\t\t\t\t\t\t\t\t\t\t\t\t\t\t\t\t\t\t\t\t<li>\n\t\t\t\t\t\t\t\t<a class=\"open-video swipebox-video\" data-rel='lightbox-gallery-n1617895620' href=\"https:\/\/www.youtube.com\/watch?v=_9GGeWZa2Qk\">\n                                    <img decoding=\"async\" src=\"https:\/\/img.youtube.com\/vi\/_9GGeWZa2Qk\/maxresdefault.jpg\" \/>\n\t\t\t\t\t\t\t\t<\/a> \n\n\t\t\t\t\t\t\t\t<p class=\"video-title\">\n\t\t\t\t\t\t\t\t\tC\u00f3mo cobrar autom\u00e1ticamente la precompra cuando est\u00e1 disponible\t\t\t\t\t\t\t\t<\/p>\n\t\t\t\t\t\t\t<\/li>\n\t\t\t\t\t\t\t\t\t\t\t\t\t\t\t\t\t\t\t\t<li>\n\t\t\t\t\t\t\t\t<a class=\"open-video swipebox-video\" data-rel='lightbox-gallery-n1423734115' href=\"https:\/\/www.youtube.com\/watch?v=20aVgox_kC0\">\n                                    <img decoding=\"async\" src=\"https:\/\/img.youtube.com\/vi\/20aVgox_kC0\/maxresdefault.jpg\" \/>\n\t\t\t\t\t\t\t\t<\/a> \n\n\t\t\t\t\t\t\t\t<p class=\"video-title\">\n\t\t\t\t\t\t\t\t\tC\u00f3mo funciona la opci\u00f3n para pagar m\u00e1s tarde\t\t\t\t\t\t\t\t<\/p>\n\t\t\t\t\t\t\t<\/li>\n\t\t\t\t\t\t\t\t\t\t\t\t\t\t\t\t\t\t\t\t<li>\n\t\t\t\t\t\t\t\t<a class=\"open-video swipebox-video\" data-rel='lightbox-gallery-n1694550757' href=\"https:\/\/www.youtube.com\/watch?v=2iEHol-8cT0\">\n                                    <img decoding=\"async\" src=\"https:\/\/img.youtube.com\/vi\/2iEHol-8cT0\/maxresdefault.jpg\" \/>\n\t\t\t\t\t\t\t\t<\/a> \n\n\t\t\t\t\t\t\t\t<p class=\"video-title\">\n\t\t\t\t\t\t\t\t\tC\u00f3mo cobrar el precio de la precompra por adelantado\t\t\t\t\t\t\t\t<\/p>\n\t\t\t\t\t\t\t<\/li>\n\t\t\t\t\t\t\t\t\t\t\t\t\t\t\t\t\t\t\t\t<li>\n\t\t\t\t\t\t\t\t<a class=\"open-video swipebox-video\" data-rel='lightbox-gallery-n1311093868' href=\"https:\/\/www.youtube.com\/watch?v=uzTtgJxheXw\">\n                                    <img decoding=\"async\" src=\"https:\/\/img.youtube.com\/vi\/uzTtgJxheXw\/maxresdefault.jpg\" \/>\n\t\t\t\t\t\t\t\t<\/a> \n\n\t\t\t\t\t\t\t\t<p class=\"video-title\">\n\t\t\t\t\t\t\t\t\tC\u00f3mo reemplazar el bot\u00f3n \u2018A\u00f1adir al carrito\u2019 por uno de precompra\t\t\t\t\t\t\t\t<\/p>\n\t\t\t\t\t\t\t<\/li>\n\t\t\t\t\t\t\t\t\t\t\t\t\t\t\t\t\t\t\t\t<li>\n\t\t\t\t\t\t\t\t<a class=\"open-video swipebox-video\" data-rel='lightbox-gallery-n1007335632' href=\"https:\/\/www.youtube.com\/watch?v=_X3uZnjPeZk\">\n                                    <img decoding=\"async\" src=\"https:\/\/img.youtube.com\/vi\/_X3uZnjPeZk\/maxresdefault.jpg\" \/>\n\t\t\t\t\t\t\t\t<\/a> \n\n\t\t\t\t\t\t\t\t<p class=\"video-title\">\n\t\t\t\t\t\t\t\t\tC\u00f3mo personalizar la p\u00e1gina del producto con avisos personalizados\t\t\t\t\t\t\t\t<\/p>\n\t\t\t\t\t\t\t<\/li>\n\t\t\t\t\t\t\t\t\t\t\t\t\t\t\t\t\t\t\t\t<li>\n\t\t\t\t\t\t\t\t<a class=\"open-video swipebox-video\" data-rel='lightbox-gallery-n1961457195' href=\"https:\/\/www.youtube.com\/watch?v=8FZOWTLnCVc\">\n                                    <img decoding=\"async\" src=\"https:\/\/img.youtube.com\/vi\/8FZOWTLnCVc\/maxresdefault.jpg\" \/>\n\t\t\t\t\t\t\t\t<\/a> \n\n\t\t\t\t\t\t\t\t<p class=\"video-title\">\n\t\t\t\t\t\t\t\t\tC\u00f3mo cobrar una cuota por cada precompra\t\t\t\t\t\t\t\t<\/p>\n\t\t\t\t\t\t\t<\/li>\n\t\t\t\t\t\t\t\t\t\t\t\t\t\t\t\t\t\t\t\t<li>\n\t\t\t\t\t\t\t\t<a class=\"open-video swipebox-video\" data-rel='lightbox-gallery-n287534668' href=\"https:\/\/www.youtube.com\/watch?v=H03OlXrsKuU\">\n                                    <img decoding=\"async\" src=\"https:\/\/img.youtube.com\/vi\/H03OlXrsKuU\/maxresdefault.jpg\" \/>\n\t\t\t\t\t\t\t\t<\/a> \n\n\t\t\t\t\t\t\t\t<p class=\"video-title\">\n\t\t\t\t\t\t\t\t\tC\u00f3mo activar el modo precompra en un producto espec\u00edfico\t\t\t\t\t\t\t\t<\/p>\n\t\t\t\t\t\t\t<\/li>\n\t\t\t\t\t\t\t\t\t\t\t\t\t\t\t\t\t\t\t\t<li>\n\t\t\t\t\t\t\t\t<a class=\"open-video swipebox-video\" data-rel='lightbox-gallery-n1809863066' href=\"https:\/\/www.youtube.com\/watch?v=Wb4ssI1aU9M\">\n                                    <img decoding=\"async\" src=\"https:\/\/img.youtube.com\/vi\/Wb4ssI1aU9M\/maxresdefault.jpg\" \/>\n\t\t\t\t\t\t\t\t<\/a> \n\n\t\t\t\t\t\t\t\t<p class=\"video-title\">\n\t\t\t\t\t\t\t\t\tC\u00f3mo establecer la disponibilidad del producto\t\t\t\t\t\t\t\t<\/p>\n\t\t\t\t\t\t\t<\/li>\n\t\t\t\t\t\t\t\t\t\t\t\t\t\t\t\t\t\t\t\t<li>\n\t\t\t\t\t\t\t\t<a class=\"open-video swipebox-video\" data-rel='lightbox-gallery-n2013731888' href=\"https:\/\/www.youtube.com\/watch?v=IH8HsSBUaHk\">\n                                    <img decoding=\"async\" src=\"https:\/\/img.youtube.com\/vi\/IH8HsSBUaHk\/maxresdefault.jpg\" \/>\n\t\t\t\t\t\t\t\t<\/a> \n\n\t\t\t\t\t\t\t\t<p class=\"video-title\">\n\t\t\t\t\t\t\t\t\tC\u00f3mo programar el modo precompra\t\t\t\t\t\t\t\t<\/p>\n\t\t\t\t\t\t\t<\/li>\n\t\t\t\t\t\t\t\t\t\t\t\t\t\t\t\t\t\t\t\t<li>\n\t\t\t\t\t\t\t\t<a class=\"open-video swipebox-video\" data-rel='lightbox-gallery-n871679117' href=\"https:\/\/www.youtube.com\/watch?v=OdFHLzo6pQw\">\n                                    <img decoding=\"async\" src=\"https:\/\/img.youtube.com\/vi\/OdFHLzo6pQw\/maxresdefault.jpg\" \/>\n\t\t\t\t\t\t\t\t<\/a> \n\n\t\t\t\t\t\t\t\t<p class=\"video-title\">\n\t\t\t\t\t\t\t\t\tC\u00f3mo aplicar un descuento a los productos en modo precompra\t\t\t\t\t\t\t\t<\/p>\n\t\t\t\t\t\t\t<\/li>\n\t\t\t\t\t\t\t\t\t\t\t\t\t\t\t\t\t\t\t\t<li>\n\t\t\t\t\t\t\t\t<a class=\"open-video swipebox-video\" data-rel='lightbox-gallery-n1110895376' href=\"https:\/\/www.youtube.com\/watch?v=pU1A9B-WgR4\">\n                                    <img decoding=\"async\" src=\"https:\/\/img.youtube.com\/vi\/pU1A9B-WgR4\/maxresdefault.jpg\" \/>\n\t\t\t\t\t\t\t\t<\/a> \n\n\t\t\t\t\t\t\t\t<p class=\"video-title\">\n\t\t\t\t\t\t\t\t\tC\u00f3mo activar autom\u00e1ticamente el modo precompra en productos agotados\t\t\t\t\t\t\t\t<\/p>\n\t\t\t\t\t\t\t<\/li>\n\t\t\t\t\t\t\t\t\t\t\t\t\t\t\t\t\t\t\t\t<li>\n\t\t\t\t\t\t\t\t<a class=\"open-video swipebox-video\" data-rel='lightbox-gallery-n733483501' href=\"https:\/\/www.youtube.com\/watch?v=Ve_nYJ7eUXU\">\n                                    <img decoding=\"async\" src=\"https:\/\/img.youtube.com\/vi\/Ve_nYJ7eUXU\/maxresdefault.jpg\" \/>\n\t\t\t\t\t\t\t\t<\/a> \n\n\t\t\t\t\t\t\t\t<p class=\"video-title\">\n\t\t\t\t\t\t\t\t\tC\u00f3mo activar las precompras en tu tienda online\t\t\t\t\t\t\t\t<\/p>\n\t\t\t\t\t\t\t<\/li>\n\t\t\t\t\t\t\t\t\t\t\t<\/ul>\n\t\t\t\t<\/li>\n\t\t\t\t\t\t\t\t\t<\/ul>\n\t<\/div>\n\n\n\n","protected":false},"excerpt":{"rendered":"","protected":false},"author":4,"featured_media":0,"parent":0,"menu_order":0,"comment_status":"closed","ping_status":"closed","template":"","meta":{"footnotes":""},"class_list":["post-604","page","type-page","status-publish","hentry"],"yoast_head":"<!-- This site is optimized with the Yoast SEO plugin v24.8.1 - https:\/\/yoast.com\/wordpress\/plugins\/seo\/ -->\n<title>YITH Pre-Order: Video tutorials<\/title>\n<meta name=\"robots\" content=\"index, follow, max-snippet:-1, max-image-preview:large, max-video-preview:-1\" \/>\n<link rel=\"canonical\" href=\"https:\/\/docs.yithemes.com\/yith-woocommerce-pre-order\/video-tutorials\/\" \/>\n<meta property=\"og:locale\" content=\"en_US\" \/>\n<meta property=\"og:type\" content=\"article\" \/>\n<meta property=\"og:title\" content=\"YITH Pre-Order: Video tutorials\" \/>\n<meta property=\"og:url\" content=\"https:\/\/docs.yithemes.com\/yith-woocommerce-pre-order\/video-tutorials\/\" \/>\n<meta property=\"og:site_name\" content=\"YITH Pre-Order for WooCommerce\" \/>\n<meta name=\"twitter:card\" content=\"summary_large_image\" \/>\n<script type=\"application\/ld+json\" class=\"yoast-schema-graph\">{\"@context\":\"https:\/\/schema.org\",\"@graph\":[{\"@type\":\"WebPage\",\"@id\":\"https:\/\/docs.yithemes.com\/yith-woocommerce-pre-order\/video-tutorials\/\",\"url\":\"https:\/\/docs.yithemes.com\/yith-woocommerce-pre-order\/video-tutorials\/\",\"name\":\"YITH Pre-Order: Video tutorials\",\"isPartOf\":{\"@id\":\"https:\/\/docs.yithemes.com\/yith-woocommerce-pre-order\/#website\"},\"datePublished\":\"2022-05-13T14:58:05+00:00\",\"breadcrumb\":{\"@id\":\"https:\/\/docs.yithemes.com\/yith-woocommerce-pre-order\/video-tutorials\/#breadcrumb\"},\"inLanguage\":\"en-US\",\"potentialAction\":[{\"@type\":\"ReadAction\",\"target\":[\"https:\/\/docs.yithemes.com\/yith-woocommerce-pre-order\/video-tutorials\/\"]}]},{\"@type\":\"BreadcrumbList\",\"@id\":\"https:\/\/docs.yithemes.com\/yith-woocommerce-pre-order\/video-tutorials\/#breadcrumb\",\"itemListElement\":[{\"@type\":\"ListItem\",\"position\":1,\"name\":\"Home\",\"item\":\"https:\/\/docs.yithemes.com\/yith-woocommerce-pre-order\/\"},{\"@type\":\"ListItem\",\"position\":2,\"name\":\"Video tutorials\"}]},{\"@type\":\"WebSite\",\"@id\":\"https:\/\/docs.yithemes.com\/yith-woocommerce-pre-order\/#website\",\"url\":\"https:\/\/docs.yithemes.com\/yith-woocommerce-pre-order\/\",\"name\":\"YITH Pre-Order for WooCommerce\",\"description\":\"Plugin documentation\",\"potentialAction\":[{\"@type\":\"SearchAction\",\"target\":{\"@type\":\"EntryPoint\",\"urlTemplate\":\"https:\/\/docs.yithemes.com\/yith-woocommerce-pre-order\/?s={search_term_string}\"},\"query-input\":{\"@type\":\"PropertyValueSpecification\",\"valueRequired\":true,\"valueName\":\"search_term_string\"}}],\"inLanguage\":\"en-US\"}]}<\/script>\n<!-- \/ Yoast SEO plugin. -->","yoast_head_json":{"title":"YITH Pre-Order: Video tutorials","robots":{"index":"index","follow":"follow","max-snippet":"max-snippet:-1","max-image-preview":"max-image-preview:large","max-video-preview":"max-video-preview:-1"},"canonical":"https:\/\/docs.yithemes.com\/yith-woocommerce-pre-order\/video-tutorials\/","og_locale":"en_US","og_type":"article","og_title":"YITH Pre-Order: Video tutorials","og_url":"https:\/\/docs.yithemes.com\/yith-woocommerce-pre-order\/video-tutorials\/","og_site_name":"YITH Pre-Order for WooCommerce","twitter_card":"summary_large_image","schema":{"@context":"https:\/\/schema.org","@graph":[{"@type":"WebPage","@id":"https:\/\/docs.yithemes.com\/yith-woocommerce-pre-order\/video-tutorials\/","url":"https:\/\/docs.yithemes.com\/yith-woocommerce-pre-order\/video-tutorials\/","name":"YITH Pre-Order: Video tutorials","isPartOf":{"@id":"https:\/\/docs.yithemes.com\/yith-woocommerce-pre-order\/#website"},"datePublished":"2022-05-13T14:58:05+00:00","breadcrumb":{"@id":"https:\/\/docs.yithemes.com\/yith-woocommerce-pre-order\/video-tutorials\/#breadcrumb"},"inLanguage":"en-US","potentialAction":[{"@type":"ReadAction","target":["https:\/\/docs.yithemes.com\/yith-woocommerce-pre-order\/video-tutorials\/"]}]},{"@type":"BreadcrumbList","@id":"https:\/\/docs.yithemes.com\/yith-woocommerce-pre-order\/video-tutorials\/#breadcrumb","itemListElement":[{"@type":"ListItem","position":1,"name":"Home","item":"https:\/\/docs.yithemes.com\/yith-woocommerce-pre-order\/"},{"@type":"ListItem","position":2,"name":"Video tutorials"}]},{"@type":"WebSite","@id":"https:\/\/docs.yithemes.com\/yith-woocommerce-pre-order\/#website","url":"https:\/\/docs.yithemes.com\/yith-woocommerce-pre-order\/","name":"YITH Pre-Order for WooCommerce","description":"Plugin documentation","potentialAction":[{"@type":"SearchAction","target":{"@type":"EntryPoint","urlTemplate":"https:\/\/docs.yithemes.com\/yith-woocommerce-pre-order\/?s={search_term_string}"},"query-input":{"@type":"PropertyValueSpecification","valueRequired":true,"valueName":"search_term_string"}}],"inLanguage":"en-US"}]}},"_links":{"self":[{"href":"https:\/\/docs.yithemes.com\/yith-woocommerce-pre-order\/wp-json\/wp\/v2\/pages\/604","targetHints":{"allow":["GET"]}}],"collection":[{"href":"https:\/\/docs.yithemes.com\/yith-woocommerce-pre-order\/wp-json\/wp\/v2\/pages"}],"about":[{"href":"https:\/\/docs.yithemes.com\/yith-woocommerce-pre-order\/wp-json\/wp\/v2\/types\/page"}],"author":[{"embeddable":true,"href":"https:\/\/docs.yithemes.com\/yith-woocommerce-pre-order\/wp-json\/wp\/v2\/users\/4"}],"replies":[{"embeddable":true,"href":"https:\/\/docs.yithemes.com\/yith-woocommerce-pre-order\/wp-json\/wp\/v2\/comments?post=604"}],"version-history":[{"count":1,"href":"https:\/\/docs.yithemes.com\/yith-woocommerce-pre-order\/wp-json\/wp\/v2\/pages\/604\/revisions"}],"predecessor-version":[{"id":605,"href":"https:\/\/docs.yithemes.com\/yith-woocommerce-pre-order\/wp-json\/wp\/v2\/pages\/604\/revisions\/605"}],"wp:attachment":[{"href":"https:\/\/docs.yithemes.com\/yith-woocommerce-pre-order\/wp-json\/wp\/v2\/media?parent=604"}],"curies":[{"name":"wp","href":"https:\/\/api.w.org\/{rel}","templated":true}]}}