{"id":884,"date":"2021-03-23T15:07:42","date_gmt":"2021-03-23T15:07:42","guid":{"rendered":"https:\/\/docs.yithemes.com\/yith-woocommerce-gift-cards\/?page_id=884"},"modified":"2021-04-27T14:18:54","modified_gmt":"2021-04-27T14:18:54","slug":"video-tutorials","status":"publish","type":"page","link":"https:\/\/docs.yithemes.com\/yith-woocommerce-gift-cards\/video-tutorials\/","title":{"rendered":"Video tutorials"},"content":{"rendered":"\t<div id=\"yith-videos\">\n\t\t<div class=\"incipit\">\n\t\t\t<p>\n\t\t\t\tIn this section, you can find some video tutorials that will help you with the plugin configuration.<br>\n\t\t\t\tWe have created the most common scenarios to easily understand how to configure the settings and get the expected results. Enjoy!\n\t\t\t<\/p>\n\t\t\t<p class=\"bolder\">\n\t\t\t\tStay updated: we are working very hard to publish new videos each week!\n\t\t\t<\/p>\n\t\t<\/div>\n\t\t\n\t\t<ul class=\"container-languages\">\n\t\t\t\t\t\t\t\t\t\t<li data-language-id=\"26\" class=\"active\">\n\t\t\t\t\tEnglish\t\t\t\t<\/li>\n\t\t\t\t\t\t\t\t\t\t\t<li data-language-id=\"24\" class=\"\">\n\t\t\t\t\tItalian\t\t\t\t<\/li>\n\t\t\t\t\t\t\t\t\t\t\t<li data-language-id=\"25\" class=\"\">\n\t\t\t\t\tSpanish\t\t\t\t<\/li>\n\t\t\t\t\t\t\t\t\t<\/ul>\n\t\t<ul class=\"container-all-videos\">\n\t\t\t\t\t\t\t\t\t\t<li data-language-id=\"26\" class=\"container-videos-for-language active\">\n\t\t\t\t\t\t\t\t\t\t<ul>\n\t\t\t\t\t\t\t\t\t\t\t\t\t\t\t\t\t\t\t\t<li>\n\t\t\t\t\t\t\t\t<a class=\"open-video swipebox-video\" data-rel='lightbox-gallery-n1040532694' href=\"https:\/\/www.youtube.com\/watch?v=ZL8azIuvrHU\">\n                                    <img decoding=\"async\" src=\"https:\/\/img.youtube.com\/vi\/ZL8azIuvrHU\/maxresdefault.jpg\" \/>\n\t\t\t\t\t\t\t\t<\/a> \n\n\t\t\t\t\t\t\t\t<p class=\"video-title\">\n\t\t\t\t\t\t\t\t\tFirst steps and general overview\t\t\t\t\t\t\t\t<\/p>\n\t\t\t\t\t\t\t<\/li>\n\t\t\t\t\t\t\t\t\t\t\t\t\t\t\t\t\t\t\t\t<li>\n\t\t\t\t\t\t\t\t<a class=\"open-video swipebox-video\" data-rel='lightbox-gallery-n1678062187' href=\"https:\/\/www.youtube.com\/watch?v=XajwXd181EI\">\n                                    <img decoding=\"async\" src=\"https:\/\/img.youtube.com\/vi\/XajwXd181EI\/maxresdefault.jpg\" \/>\n\t\t\t\t\t\t\t\t<\/a> \n\n\t\t\t\t\t\t\t\t<p class=\"video-title\">\n\t\t\t\t\t\t\t\t\tPrint a virtual PDF gift card to deliver it personally\t\t\t\t\t\t\t\t<\/p>\n\t\t\t\t\t\t\t<\/li>\n\t\t\t\t\t\t\t\t\t\t\t\t\t\t\t\t\t\t\t\t<li>\n\t\t\t\t\t\t\t\t<a class=\"open-video swipebox-video\" data-rel='lightbox-gallery-n1826132927' href=\"https:\/\/www.youtube.com\/watch?v=1FXZPhROcqc\">\n                                    <img decoding=\"async\" src=\"https:\/\/img.youtube.com\/vi\/1FXZPhROcqc\/maxresdefault.jpg\" \/>\n\t\t\t\t\t\t\t\t<\/a> \n\n\t\t\t\t\t\t\t\t<p class=\"video-title\">\n\t\t\t\t\t\t\t\t\tCreate an image gallery to customize the gift cards\t\t\t\t\t\t\t\t<\/p>\n\t\t\t\t\t\t\t<\/li>\n\t\t\t\t\t\t\t\t\t\t\t\t\t\t\t\t\t\t\t\t<li>\n\t\t\t\t\t\t\t\t<a class=\"open-video swipebox-video\" data-rel='lightbox-gallery-n1581869328' href=\"https:\/\/www.youtube.com\/watch?v=4TTL1b-IDpY\">\n                                    <img decoding=\"async\" src=\"https:\/\/img.youtube.com\/vi\/4TTL1b-IDpY\/maxresdefault.jpg\" \/>\n\t\t\t\t\t\t\t\t<\/a> \n\n\t\t\t\t\t\t\t\t<p class=\"video-title\">\n\t\t\t\t\t\t\t\t\tHow to configure the 'Gift This Product' option\t\t\t\t\t\t\t\t<\/p>\n\t\t\t\t\t\t\t<\/li>\n\t\t\t\t\t\t\t\t\t\t\t\t\t\t\t\t\t\t\t\t<li>\n\t\t\t\t\t\t\t\t<a class=\"open-video swipebox-video\" data-rel='lightbox-gallery-n451419440' href=\"https:\/\/www.youtube.com\/watch?v=wJbi27Wk_5Q\">\n                                    <img decoding=\"async\" src=\"https:\/\/img.youtube.com\/vi\/wJbi27Wk_5Q\/maxresdefault.jpg\" \/>\n\t\t\t\t\t\t\t\t<\/a> \n\n\t\t\t\t\t\t\t\t<p class=\"video-title\">\n\t\t\t\t\t\t\t\t\tHow to configure physical gift cards with pre-printed codes\t\t\t\t\t\t\t\t<\/p>\n\t\t\t\t\t\t\t<\/li>\n\t\t\t\t\t\t\t\t\t\t\t\t\t\t\t\t\t\t\t\t<li>\n\t\t\t\t\t\t\t\t<a class=\"open-video swipebox-video\" data-rel='lightbox-gallery-n926135979' href=\"https:\/\/www.youtube.com\/watch?v=KNXnNl5cdXQ\">\n                                    <img decoding=\"async\" src=\"https:\/\/img.youtube.com\/vi\/KNXnNl5cdXQ\/maxresdefault.jpg\" \/>\n\t\t\t\t\t\t\t\t<\/a> \n\n\t\t\t\t\t\t\t\t<p class=\"video-title\">\n\t\t\t\t\t\t\t\t\tHow to create a page where users can check their gift card balance\t\t\t\t\t\t\t\t<\/p>\n\t\t\t\t\t\t\t<\/li>\n\t\t\t\t\t\t\t\t\t\t\t\t\t\t\t\t\t\t\t\t<li>\n\t\t\t\t\t\t\t\t<a class=\"open-video swipebox-video\" data-rel='lightbox-gallery-n1754330254' href=\"https:\/\/www.youtube.com\/watch?v=cbJM7VYGqEE\">\n                                    <img decoding=\"async\" src=\"https:\/\/img.youtube.com\/vi\/cbJM7VYGqEE\/maxresdefault.jpg\" \/>\n\t\t\t\t\t\t\t\t<\/a> \n\n\t\t\t\t\t\t\t\t<p class=\"video-title\">\n\t\t\t\t\t\t\t\t\tCreate a physical gift card with an automatically generated code\t\t\t\t\t\t\t\t<\/p>\n\t\t\t\t\t\t\t<\/li>\n\t\t\t\t\t\t\t\t\t\t\t\t\t\t\t\t\t\t\t\t<li>\n\t\t\t\t\t\t\t\t<a class=\"open-video swipebox-video\" data-rel='lightbox-gallery-n1889816142' href=\"https:\/\/www.youtube.com\/watch?v=_RZkY9XPooc\">\n                                    <img decoding=\"async\" src=\"https:\/\/img.youtube.com\/vi\/_RZkY9XPooc\/maxresdefault.jpg\" \/>\n\t\t\t\t\t\t\t\t<\/a> \n\n\t\t\t\t\t\t\t\t<p class=\"video-title\">\n\t\t\t\t\t\t\t\t\tHow to create a virtual gift card\t\t\t\t\t\t\t\t<\/p>\n\t\t\t\t\t\t\t<\/li>\n\t\t\t\t\t\t\t\t\t\t\t\t\t\t\t\t\t\t\t\t<li>\n\t\t\t\t\t\t\t\t<a class=\"open-video swipebox-video\" data-rel='lightbox-gallery-n1074052931' href=\"https:\/\/www.youtube.com\/watch?v=3OtHVSyNnVY\">\n                                    <img decoding=\"async\" src=\"https:\/\/img.youtube.com\/vi\/3OtHVSyNnVY\/maxresdefault.jpg\" \/>\n\t\t\t\t\t\t\t\t<\/a> \n\n\t\t\t\t\t\t\t\t<p class=\"video-title\">\n\t\t\t\t\t\t\t\t\tThe most powerful tool to sell gift cards in your shop\t\t\t\t\t\t\t\t<\/p>\n\t\t\t\t\t\t\t<\/li>\n\t\t\t\t\t\t\t\t\t\t\t\t\t\t\t\t\t\t\t\t<li>\n\t\t\t\t\t\t\t\t<a class=\"open-video swipebox-video\" data-rel='lightbox-gallery-n722690346' href=\"https:\/\/www.youtube.com\/watch?v=PL40S1IPrI8\">\n                                    <img decoding=\"async\" src=\"https:\/\/img.youtube.com\/vi\/PL40S1IPrI8\/maxresdefault.jpg\" \/>\n\t\t\t\t\t\t\t\t<\/a> \n\n\t\t\t\t\t\t\t\t<p class=\"video-title\">\n\t\t\t\t\t\t\t\t\tConfiguring a virtual gift card\t\t\t\t\t\t\t\t<\/p>\n\t\t\t\t\t\t\t<\/li>\n\t\t\t\t\t\t\t\t\t\t\t<\/ul>\n\t\t\t\t<\/li>\n\t\t\t\t\t\t\t\t\t\t\t<li data-language-id=\"24\" class=\"container-videos-for-language \">\n\t\t\t\t\t\t\t\t\t\t<ul>\n\t\t\t\t\t\t\t\t\t\t\t\t\t\t\t\t\t\t\t\t<li>\n\t\t\t\t\t\t\t\t<a class=\"open-video swipebox-video\" data-rel='lightbox-gallery-n1668304199' href=\"https:\/\/www.youtube.com\/watch?v=gIffwmlrgFM\">\n                                    <img decoding=\"async\" src=\"https:\/\/img.youtube.com\/vi\/gIffwmlrgFM\/maxresdefault.jpg\" \/>\n\t\t\t\t\t\t\t\t<\/a> \n\n\t\t\t\t\t\t\t\t<p class=\"video-title\">\n\t\t\t\t\t\t\t\t\tPrimi Passi e Vista Generale\t\t\t\t\t\t\t\t<\/p>\n\t\t\t\t\t\t\t<\/li>\n\t\t\t\t\t\t\t\t\t\t\t\t\t\t\t\t\t\t\t\t<li>\n\t\t\t\t\t\t\t\t<a class=\"open-video swipebox-video\" data-rel='lightbox-gallery-n524596411' href=\"https:\/\/www.youtube.com\/watch?v=tVK8ziwWT-A\">\n                                    <img decoding=\"async\" src=\"https:\/\/img.youtube.com\/vi\/tVK8ziwWT-A\/maxresdefault.jpg\" \/>\n\t\t\t\t\t\t\t\t<\/a> \n\n\t\t\t\t\t\t\t\t<p class=\"video-title\">\n\t\t\t\t\t\t\t\t\tIl modo pi\u00f9 semplice per vendere buoni regalo sul tuo e-commerce\t\t\t\t\t\t\t\t<\/p>\n\t\t\t\t\t\t\t<\/li>\n\t\t\t\t\t\t\t\t\t\t\t\t\t\t\t\t\t\t\t\t<li>\n\t\t\t\t\t\t\t\t<a class=\"open-video swipebox-video\" data-rel='lightbox-gallery-n1136722734' href=\"https:\/\/www.youtube.com\/watch?v=LD3vTok0eJc\">\n                                    <img decoding=\"async\" src=\"https:\/\/img.youtube.com\/vi\/LD3vTok0eJc\/maxresdefault.jpg\" \/>\n\t\t\t\t\t\t\t\t<\/a> \n\n\t\t\t\t\t\t\t\t<p class=\"video-title\">\n\t\t\t\t\t\t\t\t\tCreare una pagina per verificare il saldo della gift card\t\t\t\t\t\t\t\t<\/p>\n\t\t\t\t\t\t\t<\/li>\n\t\t\t\t\t\t\t\t\t\t\t\t\t\t\t\t\t\t\t\t<li>\n\t\t\t\t\t\t\t\t<a class=\"open-video swipebox-video\" data-rel='lightbox-gallery-n1105628639' href=\"https:\/\/www.youtube.com\/watch?v=E3H9xx1kkpU\">\n                                    <img decoding=\"async\" src=\"https:\/\/img.youtube.com\/vi\/E3H9xx1kkpU\/maxresdefault.jpg\" \/>\n\t\t\t\t\t\t\t\t<\/a> \n\n\t\t\t\t\t\t\t\t<p class=\"video-title\">\n\t\t\t\t\t\t\t\t\tCreare una gallery di immagini per personalizzare il buono regalo\t\t\t\t\t\t\t\t<\/p>\n\t\t\t\t\t\t\t<\/li>\n\t\t\t\t\t\t\t\t\t\t\t\t\t\t\t\t\t\t\t\t<li>\n\t\t\t\t\t\t\t\t<a class=\"open-video swipebox-video\" data-rel='lightbox-gallery-n944225480' href=\"https:\/\/www.youtube.com\/watch?v=bjhgqMQNFoc\">\n                                    <img decoding=\"async\" src=\"https:\/\/img.youtube.com\/vi\/bjhgqMQNFoc\/maxresdefault.jpg\" \/>\n\t\t\t\t\t\t\t\t<\/a> \n\n\t\t\t\t\t\t\t\t<p class=\"video-title\">\n\t\t\t\t\t\t\t\t\tConfigurare una Gift card fisica con codice generato automaticamente\t\t\t\t\t\t\t\t<\/p>\n\t\t\t\t\t\t\t<\/li>\n\t\t\t\t\t\t\t\t\t\t\t\t\t\t\t\t\t\t\t\t<li>\n\t\t\t\t\t\t\t\t<a class=\"open-video swipebox-video\" data-rel='lightbox-gallery-n1604928442' href=\"https:\/\/www.youtube.com\/watch?v=uDQU8sT2OJ8\">\n                                    <img decoding=\"async\" src=\"https:\/\/img.youtube.com\/vi\/uDQU8sT2OJ8\/maxresdefault.jpg\" \/>\n\t\t\t\t\t\t\t\t<\/a> \n\n\t\t\t\t\t\t\t\t<p class=\"video-title\">\n\t\t\t\t\t\t\t\t\tCrea una pagina per scalare manualmente il credito di una gift card\t\t\t\t\t\t\t\t<\/p>\n\t\t\t\t\t\t\t<\/li>\n\t\t\t\t\t\t\t\t\t\t\t\t\t\t\t\t\t\t\t\t<li>\n\t\t\t\t\t\t\t\t<a class=\"open-video swipebox-video\" data-rel='lightbox-gallery-n1295725506' href=\"https:\/\/www.youtube.com\/watch?v=ACGLvTEkuz0\">\n                                    <img decoding=\"async\" src=\"https:\/\/img.youtube.com\/vi\/ACGLvTEkuz0\/maxresdefault.jpg\" \/>\n\t\t\t\t\t\t\t\t<\/a> \n\n\t\t\t\t\t\t\t\t<p class=\"video-title\">\n\t\t\t\t\t\t\t\t\tStampa una gift card in PDF e consegnala fisicamente al destinatario\t\t\t\t\t\t\t\t<\/p>\n\t\t\t\t\t\t\t<\/li>\n\t\t\t\t\t\t\t\t\t\t\t\t\t\t\t\t\t\t\t\t<li>\n\t\t\t\t\t\t\t\t<a class=\"open-video swipebox-video\" data-rel='lightbox-gallery-n1919414387' href=\"https:\/\/www.youtube.com\/watch?v=tmTUb0MhrT8\">\n                                    <img decoding=\"async\" src=\"https:\/\/img.youtube.com\/vi\/tmTUb0MhrT8\/maxresdefault.jpg\" \/>\n\t\t\t\t\t\t\t\t<\/a> \n\n\t\t\t\t\t\t\t\t<p class=\"video-title\">\n\t\t\t\t\t\t\t\t\tOpzioni di utilizzo del codice della gift card\t\t\t\t\t\t\t\t<\/p>\n\t\t\t\t\t\t\t<\/li>\n\t\t\t\t\t\t\t\t\t\t\t\t\t\t\t\t\t\t\t\t<li>\n\t\t\t\t\t\t\t\t<a class=\"open-video swipebox-video\" data-rel='lightbox-gallery-n208860043' href=\"https:\/\/www.youtube.com\/watch?v=eLZO61FZjGw\">\n                                    <img decoding=\"async\" src=\"https:\/\/img.youtube.com\/vi\/eLZO61FZjGw\/maxresdefault.jpg\" \/>\n\t\t\t\t\t\t\t\t<\/a> \n\n\t\t\t\t\t\t\t\t<p class=\"video-title\">\n\t\t\t\t\t\t\t\t\tConfigurare una gift card fisica con codice prestampato\t\t\t\t\t\t\t\t<\/p>\n\t\t\t\t\t\t\t<\/li>\n\t\t\t\t\t\t\t\t\t\t\t\t\t\t\t\t\t\t\t\t<li>\n\t\t\t\t\t\t\t\t<a class=\"open-video swipebox-video\" data-rel='lightbox-gallery-n2051057600' href=\"https:\/\/www.youtube.com\/watch?v=p-kr6YkULVk\">\n                                    <img decoding=\"async\" src=\"https:\/\/img.youtube.com\/vi\/p-kr6YkULVk\/maxresdefault.jpg\" \/>\n\t\t\t\t\t\t\t\t<\/a> \n\n\t\t\t\t\t\t\t\t<p class=\"video-title\">\n\t\t\t\t\t\t\t\t\tOpzione \"Regala Questo Prodotto\"\t\t\t\t\t\t\t\t<\/p>\n\t\t\t\t\t\t\t<\/li>\n\t\t\t\t\t\t\t\t\t\t\t\t\t\t\t\t\t\t\t\t<li>\n\t\t\t\t\t\t\t\t<a class=\"open-video swipebox-video\" data-rel='lightbox-gallery-n543893680' href=\"https:\/\/www.youtube.com\/watch?v=hmbYDhKiglM\">\n                                    <img decoding=\"async\" src=\"https:\/\/img.youtube.com\/vi\/hmbYDhKiglM\/maxresdefault.jpg\" \/>\n\t\t\t\t\t\t\t\t<\/a> \n\n\t\t\t\t\t\t\t\t<p class=\"video-title\">\n\t\t\t\t\t\t\t\t\tConfigurare una gift card virtuale\t\t\t\t\t\t\t\t<\/p>\n\t\t\t\t\t\t\t<\/li>\n\t\t\t\t\t\t\t\t\t\t\t\t\t\t\t\t\t\t\t\t<li>\n\t\t\t\t\t\t\t\t<a class=\"open-video swipebox-video\" data-rel='lightbox-gallery-n985750919' href=\"https:\/\/www.youtube.com\/watch?v=A1GQLYNA6vY\">\n                                    <img decoding=\"async\" src=\"https:\/\/img.youtube.com\/vi\/A1GQLYNA6vY\/maxresdefault.jpg\" \/>\n\t\t\t\t\t\t\t\t<\/a> \n\n\t\t\t\t\t\t\t\t<p class=\"video-title\">\n\t\t\t\t\t\t\t\t\tPanoramica generale del plugin\t\t\t\t\t\t\t\t<\/p>\n\t\t\t\t\t\t\t<\/li>\n\t\t\t\t\t\t\t\t\t\t\t<\/ul>\n\t\t\t\t<\/li>\n\t\t\t\t\t\t\t\t\t\t\t<li data-language-id=\"25\" class=\"container-videos-for-language \">\n\t\t\t\t\t\t\t\t\t\t<ul>\n\t\t\t\t\t\t\t\t\t\t\t\t\t\t\t\t\t\t\t\t<li>\n\t\t\t\t\t\t\t\t<a class=\"open-video swipebox-video\" data-rel='lightbox-gallery-n1650732200' href=\"https:\/\/www.youtube.com\/watch?v=iYknYzwQDl8\">\n                                    <img decoding=\"async\" src=\"https:\/\/img.youtube.com\/vi\/iYknYzwQDl8\/maxresdefault.jpg\" \/>\n\t\t\t\t\t\t\t\t<\/a> \n\n\t\t\t\t\t\t\t\t<p class=\"video-title\">\n\t\t\t\t\t\t\t\t\tPrimeros pasos y vista general\t\t\t\t\t\t\t\t<\/p>\n\t\t\t\t\t\t\t<\/li>\n\t\t\t\t\t\t\t\t\t\t\t\t\t\t\t\t\t\t\t\t<li>\n\t\t\t\t\t\t\t\t<a class=\"open-video swipebox-video\" data-rel='lightbox-gallery-n208301311' href=\"https:\/\/www.youtube.com\/watch?v=P2w0VRJxoeo\">\n                                    <img decoding=\"async\" src=\"https:\/\/img.youtube.com\/vi\/P2w0VRJxoeo\/maxresdefault.jpg\" \/>\n\t\t\t\t\t\t\t\t<\/a> \n\n\t\t\t\t\t\t\t\t<p class=\"video-title\">\n\t\t\t\t\t\t\t\t\tC\u00f3mo configurar la opci\u00f3n 'Regala este producto'\t\t\t\t\t\t\t\t<\/p>\n\t\t\t\t\t\t\t<\/li>\n\t\t\t\t\t\t\t\t\t\t\t\t\t\t\t\t\t\t\t\t<li>\n\t\t\t\t\t\t\t\t<a class=\"open-video swipebox-video\" data-rel='lightbox-gallery-n1276327853' href=\"https:\/\/www.youtube.com\/watch?v=DbI9y_o03oY\">\n                                    <img decoding=\"async\" src=\"https:\/\/img.youtube.com\/vi\/DbI9y_o03oY\/maxresdefault.jpg\" \/>\n\t\t\t\t\t\t\t\t<\/a> \n\n\t\t\t\t\t\t\t\t<p class=\"video-title\">\n\t\t\t\t\t\t\t\t\tLa herramienta m\u00e1s poderosa para vender tarjetas regalo en tu e-commerce\t\t\t\t\t\t\t\t<\/p>\n\t\t\t\t\t\t\t<\/li>\n\t\t\t\t\t\t\t\t\t\t\t\t\t\t\t\t\t\t\t\t<li>\n\t\t\t\t\t\t\t\t<a class=\"open-video swipebox-video\" data-rel='lightbox-gallery-n262267133' href=\"https:\/\/www.youtube.com\/watch?v=XqfbqXpiyds\">\n                                    <img decoding=\"async\" src=\"https:\/\/img.youtube.com\/vi\/XqfbqXpiyds\/maxresdefault.jpg\" \/>\n\t\t\t\t\t\t\t\t<\/a> \n\n\t\t\t\t\t\t\t\t<p class=\"video-title\">\n\t\t\t\t\t\t\t\t\tCrear una p\u00e1gina para comprobar el saldo de una tarjeta regalo\t\t\t\t\t\t\t\t<\/p>\n\t\t\t\t\t\t\t<\/li>\n\t\t\t\t\t\t\t\t\t\t\t\t\t\t\t\t\t\t\t\t<li>\n\t\t\t\t\t\t\t\t<a class=\"open-video swipebox-video\" data-rel='lightbox-gallery-n834539106' href=\"https:\/\/www.youtube.com\/watch?v=8G0bic7J9ck\">\n                                    <img decoding=\"async\" src=\"https:\/\/img.youtube.com\/vi\/8G0bic7J9ck\/maxresdefault.jpg\" \/>\n\t\t\t\t\t\t\t\t<\/a> \n\n\t\t\t\t\t\t\t\t<p class=\"video-title\">\n\t\t\t\t\t\t\t\t\tCrear una galer\u00eda de im\u00e1genes para personalizar la tarjeta regalo\t\t\t\t\t\t\t\t<\/p>\n\t\t\t\t\t\t\t<\/li>\n\t\t\t\t\t\t\t\t\t\t\t\t\t\t\t\t\t\t\t\t<li>\n\t\t\t\t\t\t\t\t<a class=\"open-video swipebox-video\" data-rel='lightbox-gallery-n1755441472' href=\"https:\/\/www.youtube.com\/watch?v=RRm81YfLGHQ\">\n                                    <img decoding=\"async\" src=\"https:\/\/img.youtube.com\/vi\/RRm81YfLGHQ\/maxresdefault.jpg\" \/>\n\t\t\t\t\t\t\t\t<\/a> \n\n\t\t\t\t\t\t\t\t<p class=\"video-title\">\n\t\t\t\t\t\t\t\t\tCrear una tarjeta regalo f\u00edsica con un c\u00f3digo generado autom\u00e1ticamente\t\t\t\t\t\t\t\t<\/p>\n\t\t\t\t\t\t\t<\/li>\n\t\t\t\t\t\t\t\t\t\t\t\t\t\t\t\t\t\t\t\t<li>\n\t\t\t\t\t\t\t\t<a class=\"open-video swipebox-video\" data-rel='lightbox-gallery-n1794656612' href=\"https:\/\/www.youtube.com\/watch?v=CTBCeLIhxfM\">\n                                    <img decoding=\"async\" src=\"https:\/\/img.youtube.com\/vi\/CTBCeLIhxfM\/maxresdefault.jpg\" \/>\n\t\t\t\t\t\t\t\t<\/a> \n\n\t\t\t\t\t\t\t\t<p class=\"video-title\">\n\t\t\t\t\t\t\t\t\tCrear una p\u00e1gina para reducir el cr\u00e9dito de la tarjeta regalo\t\t\t\t\t\t\t\t<\/p>\n\t\t\t\t\t\t\t<\/li>\n\t\t\t\t\t\t\t\t\t\t\t\t\t\t\t\t\t\t\t\t<li>\n\t\t\t\t\t\t\t\t<a class=\"open-video swipebox-video\" data-rel='lightbox-gallery-n1926555038' href=\"https:\/\/www.youtube.com\/watch?v=JF89zbFzm6M\">\n                                    <img decoding=\"async\" src=\"https:\/\/img.youtube.com\/vi\/JF89zbFzm6M\/maxresdefault.jpg\" \/>\n\t\t\t\t\t\t\t\t<\/a> \n\n\t\t\t\t\t\t\t\t<p class=\"video-title\">\n\t\t\t\t\t\t\t\t\tImprime una tarjeta regalo virtual en PDF para entregarla f\u00edsicamente\t\t\t\t\t\t\t\t<\/p>\n\t\t\t\t\t\t\t<\/li>\n\t\t\t\t\t\t\t\t\t\t\t\t\t\t\t\t\t\t\t\t<li>\n\t\t\t\t\t\t\t\t<a class=\"open-video swipebox-video\" data-rel='lightbox-gallery-n1434201310' href=\"https:\/\/www.youtube.com\/watch?v=3inD8fqV9iA\">\n                                    <img decoding=\"async\" src=\"https:\/\/img.youtube.com\/vi\/3inD8fqV9iA\/maxresdefault.jpg\" \/>\n\t\t\t\t\t\t\t\t<\/a> \n\n\t\t\t\t\t\t\t\t<p class=\"video-title\">\n\t\t\t\t\t\t\t\t\tOpciones de uso del c\u00f3digo de la tarjeta regalo\t\t\t\t\t\t\t\t<\/p>\n\t\t\t\t\t\t\t<\/li>\n\t\t\t\t\t\t\t\t\t\t\t\t\t\t\t\t\t\t\t\t<li>\n\t\t\t\t\t\t\t\t<a class=\"open-video swipebox-video\" data-rel='lightbox-gallery-n296791972' href=\"https:\/\/www.youtube.com\/watch?v=arxq3o5dfBk\">\n                                    <img decoding=\"async\" src=\"https:\/\/img.youtube.com\/vi\/arxq3o5dfBk\/maxresdefault.jpg\" \/>\n\t\t\t\t\t\t\t\t<\/a> \n\n\t\t\t\t\t\t\t\t<p class=\"video-title\">\n\t\t\t\t\t\t\t\t\tConfigurar una tarjeta regalo f\u00edsica con un c\u00f3digo preimpreso\t\t\t\t\t\t\t\t<\/p>\n\t\t\t\t\t\t\t<\/li>\n\t\t\t\t\t\t\t\t\t\t\t\t\t\t\t\t\t\t\t\t<li>\n\t\t\t\t\t\t\t\t<a class=\"open-video swipebox-video\" data-rel='lightbox-gallery-n1748554018' href=\"https:\/\/www.youtube.com\/watch?v=y0Gv8vUb71g\">\n                                    <img decoding=\"async\" src=\"https:\/\/img.youtube.com\/vi\/y0Gv8vUb71g\/maxresdefault.jpg\" \/>\n\t\t\t\t\t\t\t\t<\/a> \n\n\t\t\t\t\t\t\t\t<p class=\"video-title\">\n\t\t\t\t\t\t\t\t\tConfigurar una tarjeta regalo virtual\t\t\t\t\t\t\t\t<\/p>\n\t\t\t\t\t\t\t<\/li>\n\t\t\t\t\t\t\t\t\t\t\t<\/ul>\n\t\t\t\t<\/li>\n\t\t\t\t\t\t\t\t\t<\/ul>\n\t<\/div>\n\n\n\n","protected":false},"excerpt":{"rendered":"","protected":false},"author":4,"featured_media":0,"parent":0,"menu_order":0,"comment_status":"closed","ping_status":"closed","template":"","meta":{"footnotes":""},"class_list":["post-884","page","type-page","status-publish","hentry"],"yoast_head":"<!-- This site is optimized with the Yoast SEO plugin v24.8.1 - https:\/\/yoast.com\/wordpress\/plugins\/seo\/ -->\n<title>YITH Gift Cards: Video tutorials<\/title>\n<meta name=\"robots\" content=\"index, follow, max-snippet:-1, max-image-preview:large, max-video-preview:-1\" \/>\n<link rel=\"canonical\" href=\"https:\/\/docs.yithemes.com\/yith-woocommerce-gift-cards\/video-tutorials\/\" \/>\n<meta property=\"og:locale\" content=\"en_US\" \/>\n<meta property=\"og:type\" content=\"article\" \/>\n<meta property=\"og:title\" content=\"YITH Gift Cards: Video tutorials\" \/>\n<meta property=\"og:url\" content=\"https:\/\/docs.yithemes.com\/yith-woocommerce-gift-cards\/video-tutorials\/\" \/>\n<meta property=\"og:site_name\" content=\"YITH WooCommerce Gift Cards\" \/>\n<meta property=\"article:modified_time\" content=\"2021-04-27T14:18:54+00:00\" \/>\n<meta name=\"twitter:card\" content=\"summary_large_image\" \/>\n<meta name=\"twitter:label1\" content=\"Est. reading time\" \/>\n\t<meta name=\"twitter:data1\" content=\"1 minute\" \/>\n<script type=\"application\/ld+json\" class=\"yoast-schema-graph\">{\"@context\":\"https:\/\/schema.org\",\"@graph\":[{\"@type\":\"WebPage\",\"@id\":\"https:\/\/docs.yithemes.com\/yith-woocommerce-gift-cards\/video-tutorials\/\",\"url\":\"https:\/\/docs.yithemes.com\/yith-woocommerce-gift-cards\/video-tutorials\/\",\"name\":\"YITH Gift Cards: Video tutorials\",\"isPartOf\":{\"@id\":\"https:\/\/docs.yithemes.com\/yith-woocommerce-gift-cards\/#website\"},\"datePublished\":\"2021-03-23T15:07:42+00:00\",\"dateModified\":\"2021-04-27T14:18:54+00:00\",\"breadcrumb\":{\"@id\":\"https:\/\/docs.yithemes.com\/yith-woocommerce-gift-cards\/video-tutorials\/#breadcrumb\"},\"inLanguage\":\"en-US\",\"potentialAction\":[{\"@type\":\"ReadAction\",\"target\":[\"https:\/\/docs.yithemes.com\/yith-woocommerce-gift-cards\/video-tutorials\/\"]}]},{\"@type\":\"BreadcrumbList\",\"@id\":\"https:\/\/docs.yithemes.com\/yith-woocommerce-gift-cards\/video-tutorials\/#breadcrumb\",\"itemListElement\":[{\"@type\":\"ListItem\",\"position\":1,\"name\":\"Home\",\"item\":\"https:\/\/docs.yithemes.com\/yith-woocommerce-gift-cards\/\"},{\"@type\":\"ListItem\",\"position\":2,\"name\":\"Video tutorials\"}]},{\"@type\":\"WebSite\",\"@id\":\"https:\/\/docs.yithemes.com\/yith-woocommerce-gift-cards\/#website\",\"url\":\"https:\/\/docs.yithemes.com\/yith-woocommerce-gift-cards\/\",\"name\":\"YITH WooCommerce Gift Cards\",\"description\":\"Plugin documentation\",\"potentialAction\":[{\"@type\":\"SearchAction\",\"target\":{\"@type\":\"EntryPoint\",\"urlTemplate\":\"https:\/\/docs.yithemes.com\/yith-woocommerce-gift-cards\/?s={search_term_string}\"},\"query-input\":{\"@type\":\"PropertyValueSpecification\",\"valueRequired\":true,\"valueName\":\"search_term_string\"}}],\"inLanguage\":\"en-US\"}]}<\/script>\n<!-- \/ Yoast SEO plugin. -->","yoast_head_json":{"title":"YITH Gift Cards: Video tutorials","robots":{"index":"index","follow":"follow","max-snippet":"max-snippet:-1","max-image-preview":"max-image-preview:large","max-video-preview":"max-video-preview:-1"},"canonical":"https:\/\/docs.yithemes.com\/yith-woocommerce-gift-cards\/video-tutorials\/","og_locale":"en_US","og_type":"article","og_title":"YITH Gift Cards: Video tutorials","og_url":"https:\/\/docs.yithemes.com\/yith-woocommerce-gift-cards\/video-tutorials\/","og_site_name":"YITH WooCommerce Gift Cards","article_modified_time":"2021-04-27T14:18:54+00:00","twitter_card":"summary_large_image","twitter_misc":{"Est. reading time":"1 minute"},"schema":{"@context":"https:\/\/schema.org","@graph":[{"@type":"WebPage","@id":"https:\/\/docs.yithemes.com\/yith-woocommerce-gift-cards\/video-tutorials\/","url":"https:\/\/docs.yithemes.com\/yith-woocommerce-gift-cards\/video-tutorials\/","name":"YITH Gift Cards: Video tutorials","isPartOf":{"@id":"https:\/\/docs.yithemes.com\/yith-woocommerce-gift-cards\/#website"},"datePublished":"2021-03-23T15:07:42+00:00","dateModified":"2021-04-27T14:18:54+00:00","breadcrumb":{"@id":"https:\/\/docs.yithemes.com\/yith-woocommerce-gift-cards\/video-tutorials\/#breadcrumb"},"inLanguage":"en-US","potentialAction":[{"@type":"ReadAction","target":["https:\/\/docs.yithemes.com\/yith-woocommerce-gift-cards\/video-tutorials\/"]}]},{"@type":"BreadcrumbList","@id":"https:\/\/docs.yithemes.com\/yith-woocommerce-gift-cards\/video-tutorials\/#breadcrumb","itemListElement":[{"@type":"ListItem","position":1,"name":"Home","item":"https:\/\/docs.yithemes.com\/yith-woocommerce-gift-cards\/"},{"@type":"ListItem","position":2,"name":"Video tutorials"}]},{"@type":"WebSite","@id":"https:\/\/docs.yithemes.com\/yith-woocommerce-gift-cards\/#website","url":"https:\/\/docs.yithemes.com\/yith-woocommerce-gift-cards\/","name":"YITH WooCommerce Gift Cards","description":"Plugin documentation","potentialAction":[{"@type":"SearchAction","target":{"@type":"EntryPoint","urlTemplate":"https:\/\/docs.yithemes.com\/yith-woocommerce-gift-cards\/?s={search_term_string}"},"query-input":{"@type":"PropertyValueSpecification","valueRequired":true,"valueName":"search_term_string"}}],"inLanguage":"en-US"}]}},"_links":{"self":[{"href":"https:\/\/docs.yithemes.com\/yith-woocommerce-gift-cards\/wp-json\/wp\/v2\/pages\/884","targetHints":{"allow":["GET"]}}],"collection":[{"href":"https:\/\/docs.yithemes.com\/yith-woocommerce-gift-cards\/wp-json\/wp\/v2\/pages"}],"about":[{"href":"https:\/\/docs.yithemes.com\/yith-woocommerce-gift-cards\/wp-json\/wp\/v2\/types\/page"}],"author":[{"embeddable":true,"href":"https:\/\/docs.yithemes.com\/yith-woocommerce-gift-cards\/wp-json\/wp\/v2\/users\/4"}],"replies":[{"embeddable":true,"href":"https:\/\/docs.yithemes.com\/yith-woocommerce-gift-cards\/wp-json\/wp\/v2\/comments?post=884"}],"version-history":[{"count":2,"href":"https:\/\/docs.yithemes.com\/yith-woocommerce-gift-cards\/wp-json\/wp\/v2\/pages\/884\/revisions"}],"predecessor-version":[{"id":930,"href":"https:\/\/docs.yithemes.com\/yith-woocommerce-gift-cards\/wp-json\/wp\/v2\/pages\/884\/revisions\/930"}],"wp:attachment":[{"href":"https:\/\/docs.yithemes.com\/yith-woocommerce-gift-cards\/wp-json\/wp\/v2\/media?parent=884"}],"curies":[{"name":"wp","href":"https:\/\/api.w.org\/{rel}","templated":true}]}}